{"id":3,"date":"2022-03-03T15:38:33","date_gmt":"2022-03-03T14:38:33","guid":{"rendered":"http:\/\/lepitchoun-traiteur.fr\/?page_id=3"},"modified":"2024-03-28T15:47:47","modified_gmt":"2024-03-28T14:47:47","slug":"politique-de-confidentialite","status":"publish","type":"page","link":"https:\/\/lepitchoun-traiteur.fr\/index.php\/politique-de-confidentialite\/","title":{"rendered":"Politique de confidentialit\u00e9"},"content":{"rendered":"\t\t<div data-elementor-type=\"wp-page\" data-elementor-id=\"3\" class=\"elementor elementor-3\" data-elementor-post-type=\"page\">\n\t\t\t\t\t\t<section class=\"elementor-section elementor-top-section elementor-element elementor-element-59b957d elementor-section-boxed elementor-section-height-default elementor-section-height-default\" data-id=\"59b957d\" data-element_type=\"section\" data-settings=\"{&quot;_ha_eqh_enable&quot;:false}\">\n\t\t\t\t\t\t<div class=\"elementor-container elementor-column-gap-default\">\n\t\t\t\t\t<div class=\"elementor-column elementor-col-100 elementor-top-column elementor-element elementor-element-5534bd3\" data-id=\"5534bd3\" data-element_type=\"column\">\n\t\t\t<div class=\"elementor-widget-wrap elementor-element-populated\">\n\t\t\t\t\t\t<div class=\"elementor-element elementor-element-030f2b3 elementor-widget elementor-widget-elementskit-heading\" data-id=\"030f2b3\" data-element_type=\"widget\" data-widget_type=\"elementskit-heading.default\">\n\t\t\t\t<div class=\"elementor-widget-container\">\n\t\t\t<div class=\"ekit-wid-con\" ><div class=\"ekit-heading elementskit-section-title-wraper text_center   ekit_heading_tablet-   ekit_heading_mobile-\"><h1 class=\"ekit-heading--title elementskit-section-title \">Politique de confidentialit\u00e9<\/h1><\/div><\/div>\t\t<\/div>\n\t\t\t\t<\/div>\n\t\t\t\t\t<\/div>\n\t\t<\/div>\n\t\t\t\t\t<\/div>\n\t\t<\/section>\n\t\t\t\t<section class=\"elementor-section elementor-top-section elementor-element elementor-element-f2ad899 elementor-section-boxed elementor-section-height-default elementor-section-height-default\" data-id=\"f2ad899\" data-element_type=\"section\" data-settings=\"{&quot;_ha_eqh_enable&quot;:false}\">\n\t\t\t\t\t\t<div class=\"elementor-container elementor-column-gap-default\">\n\t\t\t\t\t<div class=\"elementor-column elementor-col-100 elementor-top-column elementor-element elementor-element-947d422\" data-id=\"947d422\" data-element_type=\"column\">\n\t\t\t<div class=\"elementor-widget-wrap elementor-element-populated\">\n\t\t\t\t\t\t<div class=\"elementor-element elementor-element-8290a9d elementor-widget elementor-widget-elementskit-heading\" data-id=\"8290a9d\" data-element_type=\"widget\" data-widget_type=\"elementskit-heading.default\">\n\t\t\t\t<div class=\"elementor-widget-container\">\n\t\t\t<div class=\"ekit-wid-con\" ><div class=\"ekit-heading elementskit-section-title-wraper text_left   ekit_heading_tablet-   ekit_heading_mobile-\"><h2 class=\"ekit-heading--title elementskit-section-title \">Qui sommes-nous ?<\/h2><\/div><\/div>\t\t<\/div>\n\t\t\t\t<\/div>\n\t\t\t\t<div class=\"elementor-element elementor-element-93e7dd8 elementor-widget elementor-widget-text-editor\" data-id=\"93e7dd8\" data-element_type=\"widget\" data-widget_type=\"text-editor.default\">\n\t\t\t\t<div class=\"elementor-widget-container\">\n\t\t\t<style>\/*! elementor - v3.21.0 - 26-05-2024 *\/\n.elementor-widget-text-editor.elementor-drop-cap-view-stacked .elementor-drop-cap{background-color:#69727d;color:#fff}.elementor-widget-text-editor.elementor-drop-cap-view-framed .elementor-drop-cap{color:#69727d;border:3px solid;background-color:transparent}.elementor-widget-text-editor:not(.elementor-drop-cap-view-default) .elementor-drop-cap{margin-top:8px}.elementor-widget-text-editor:not(.elementor-drop-cap-view-default) .elementor-drop-cap-letter{width:1em;height:1em}.elementor-widget-text-editor .elementor-drop-cap{float:left;text-align:center;line-height:1;font-size:50px}.elementor-widget-text-editor .elementor-drop-cap-letter{display:inline-block}<\/style>\t\t\t\t<p>L\u2019adresse de notre site est&nbsp;: https:\/\/lepitchoun-traiteur.fr<\/p>\t\t\t\t\t\t<\/div>\n\t\t\t\t<\/div>\n\t\t\t\t\t<\/div>\n\t\t<\/div>\n\t\t\t\t\t<\/div>\n\t\t<\/section>\n\t\t\t\t<section class=\"elementor-section elementor-top-section elementor-element elementor-element-53dccf0 elementor-section-boxed elementor-section-height-default elementor-section-height-default\" data-id=\"53dccf0\" data-element_type=\"section\" data-settings=\"{&quot;_ha_eqh_enable&quot;:false}\">\n\t\t\t\t\t\t<div class=\"elementor-container elementor-column-gap-default\">\n\t\t\t\t\t<div class=\"elementor-column elementor-col-100 elementor-top-column elementor-element elementor-element-6def77c\" data-id=\"6def77c\" data-element_type=\"column\">\n\t\t\t<div class=\"elementor-widget-wrap elementor-element-populated\">\n\t\t\t\t\t\t<div class=\"elementor-element elementor-element-0668287 elementor-widget elementor-widget-elementskit-heading\" data-id=\"0668287\" data-element_type=\"widget\" data-widget_type=\"elementskit-heading.default\">\n\t\t\t\t<div class=\"elementor-widget-container\">\n\t\t\t<div class=\"ekit-wid-con\" ><div class=\"ekit-heading elementskit-section-title-wraper text_left   ekit_heading_tablet-   ekit_heading_mobile-\"><h2 class=\"ekit-heading--title elementskit-section-title \">Cookies<\/h2><\/div><\/div>\t\t<\/div>\n\t\t\t\t<\/div>\n\t\t\t\t<div class=\"elementor-element elementor-element-98b1ade elementor-widget elementor-widget-text-editor\" data-id=\"98b1ade\" data-element_type=\"widget\" data-widget_type=\"text-editor.default\">\n\t\t\t\t<div class=\"elementor-widget-container\">\n\t\t\t\t\t\t\t<p>Lors de votre premi\u00e8re visite, il vous est propos\u00e9 d&#8217;accepter les cookies sur notre site. Les cookies sont des petits fichiers stock\u00e9s sur votre ordinateur afin de faciliter votre navigation.<br \/>Les cookies stock\u00e9s sur notre site ne contiennent aucune information \u00e0 caract\u00e8re priv\u00e9, les informations recueillies sont les suivantes : Heure de connexion, navigateur utilis\u00e9, type de p\u00e9riph\u00e9rique.<br \/>Ces donn\u00e9es ne seront communiqu\u00e9es \u00e0 aucun tiers et seront effac\u00e9es automatiquement au bout d&#8217;un an.<\/p>\t\t\t\t\t\t<\/div>\n\t\t\t\t<\/div>\n\t\t\t\t\t<\/div>\n\t\t<\/div>\n\t\t\t\t\t<\/div>\n\t\t<\/section>\n\t\t\t\t<section class=\"elementor-section elementor-top-section elementor-element elementor-element-703df98 elementor-section-boxed elementor-section-height-default elementor-section-height-default\" data-id=\"703df98\" data-element_type=\"section\" data-settings=\"{&quot;_ha_eqh_enable&quot;:false}\">\n\t\t\t\t\t\t<div class=\"elementor-container elementor-column-gap-default\">\n\t\t\t\t\t<div class=\"elementor-column elementor-col-100 elementor-top-column elementor-element elementor-element-95f56d0\" data-id=\"95f56d0\" data-element_type=\"column\">\n\t\t\t<div class=\"elementor-widget-wrap elementor-element-populated\">\n\t\t\t\t\t\t<div class=\"elementor-element elementor-element-d758de6 elementor-widget elementor-widget-elementskit-heading\" data-id=\"d758de6\" data-element_type=\"widget\" data-widget_type=\"elementskit-heading.default\">\n\t\t\t\t<div class=\"elementor-widget-container\">\n\t\t\t<div class=\"ekit-wid-con\" ><div class=\"ekit-heading elementskit-section-title-wraper text_left   ekit_heading_tablet-   ekit_heading_mobile-\"><h2 class=\"ekit-heading--title elementskit-section-title \">Traitement des donn\u00e9es personnelles<\/h2><\/div><\/div>\t\t<\/div>\n\t\t\t\t<\/div>\n\t\t\t\t<div class=\"elementor-element elementor-element-b0c78de elementor-widget elementor-widget-text-editor\" data-id=\"b0c78de\" data-element_type=\"widget\" data-widget_type=\"text-editor.default\">\n\t\t\t\t<div class=\"elementor-widget-container\">\n\t\t\t\t\t\t\t<p>Conform\u00e9ment \u00e0 la loi \u00ab Informatique et Libert\u00e9s \u00bb, nous vous informons que la collecte des informations dont la saisie est obligatoire dans le formulaire de contact est n\u00e9cessaire au traitement de votre demande.<\/p><p>Les informations collect\u00e9es sont destin\u00e9es uniquement \u00e0 l\u2019usage de &#8220;Le Pitchoun Traiteur&#8221;. Vous disposez d\u2019un droit d\u2019acc\u00e8s, de modification, de rectification et de suppression des donn\u00e9es qui vous concernent (art.34 de la loi \u00ab Informatique et Libert\u00e9s \u00bb du 06 Janvier 1978).<\/p><p>Vous pouvez l\u2019exercer en adressant un e-mail \u00e0 l\u2019adresse suivante :\u00a0<\/p><p>(Loi du 6 janvier 1978 modifi\u00e9e par le r\u00e8glement EU2016\/679) Conform\u00e9ment au r\u00e8glement europ\u00e9en EU2016\/679 modifiant la loi du 6 janvier 1978, &#8220;Le Pitchoun Traiteur&#8221; vous informe qu\u2019elle entend proc\u00e9der au traitement automatis\u00e9 de donn\u00e9es \u00e0 caract\u00e8re personnel vous concernant, lors de votre visite de notre site internet.<br \/>La collection de ces donn\u00e9es interviendra \u00e0 la faveur d\u2019une candidature en ligne, d\u2019une demande de devis ou encore du remplissage du formulaire client.<br \/>Vous pouvez toujours, et \u00e0 votre seule discr\u00e9tion, refuser de communiquer une ou plusieurs donn\u00e9es \u00e0 caract\u00e8re personnel. La qualit\u00e9 du service que nous pourrions vous rendre pourrait alors s\u2019en trouver affect\u00e9e, notamment pour pouvoir vous contacter. Dans ce cadre, &#8220;Le Pitchoun Traiteur&#8221; met en place des r\u00e8gles de protection des personnes \u00e0 l\u2019\u00e9gard du traitement des donn\u00e9es \u00e0 caract\u00e8re personnel.<br \/>&#8220;Le Pitchoun Traiteur&#8221; est le responsable du traitement des donn\u00e9es \u00e0 caract\u00e8re personnel.<\/p><p>Ces informations sont :<br \/>Pour le formulaire d&#8217;organisation d&#8217;\u00e9v\u00e8nement : Nom, pr\u00e9nom, e-mail, t\u00e9l\u00e9phone, contenu du message, informations commerciales, fonction, soci\u00e9t\u00e9, informations sur l\u2019\u00e9v\u00e9nement.<br \/>Ces donn\u00e9es sont collect\u00e9es et conserv\u00e9es par &#8220;Le Pitchoun Traiteur&#8221; directement, dans le seul but de pouvoir vous contacter facilement dans le cadre d\u2019une relation \u00e0 caract\u00e8re professionnel \u00e9tablie avec &#8220;Le Pitchoun Traiteur&#8221;.<br \/>La finalit\u00e9 poursuivie est donc de vous apporter le meilleur service possible suite \u00e0 votre utilisation de notre site internet et d\u2019une demande de renseignement ou de service que vous pourriez y formuler. Votre adresse \u00e9lectronique pourra \u00e9galement, et apr\u00e8s avoir re\u00e7u votre accord expr\u00e8s, \u00eatre utilis\u00e9e pour vous adresser nos communications commerciales. Vous pourrez \u00e0 tout moment vous d\u00e9sinscrire de cette liste de communication.<\/p>\t\t\t\t\t\t<\/div>\n\t\t\t\t<\/div>\n\t\t\t\t\t<\/div>\n\t\t<\/div>\n\t\t\t\t\t<\/div>\n\t\t<\/section>\n\t\t\t\t<\/div>\n\t\t","protected":false},"excerpt":{"rendered":"<p>Politique de confidentialit\u00e9 Qui sommes-nous ? L\u2019adresse de notre site est&nbsp;: https:\/\/lepitchoun-traiteur.fr Cookies Lors de votre premi\u00e8re visite, il vous est propos\u00e9 d&#8217;accepter les cookies sur notre site. Les cookies sont des petits fichiers stock\u00e9s sur votre ordinateur afin de faciliter votre navigation.Les cookies stock\u00e9s sur notre site ne contiennent aucune information \u00e0 caract\u00e8re priv\u00e9, [&hellip;]<\/p>\n","protected":false},"author":1,"featured_media":0,"parent":0,"menu_order":0,"comment_status":"closed","ping_status":"closed","template":"elementor_header_footer","meta":{"inline_featured_image":false,"footnotes":""},"class_list":["post-3","page","type-page","status-publish","hentry"],"_links":{"self":[{"href":"https:\/\/lepitchoun-traiteur.fr\/index.php\/wp-json\/wp\/v2\/pages\/3","targetHints":{"allow":["GET"]}}],"collection":[{"href":"https:\/\/lepitchoun-traiteur.fr\/index.php\/wp-json\/wp\/v2\/pages"}],"about":[{"href":"https:\/\/lepitchoun-traiteur.fr\/index.php\/wp-json\/wp\/v2\/types\/page"}],"author":[{"embeddable":true,"href":"https:\/\/lepitchoun-traiteur.fr\/index.php\/wp-json\/wp\/v2\/users\/1"}],"replies":[{"embeddable":true,"href":"https:\/\/lepitchoun-traiteur.fr\/index.php\/wp-json\/wp\/v2\/comments?post=3"}],"version-history":[{"count":8,"href":"https:\/\/lepitchoun-traiteur.fr\/index.php\/wp-json\/wp\/v2\/pages\/3\/revisions"}],"predecessor-version":[{"id":1063,"href":"https:\/\/lepitchoun-traiteur.fr\/index.php\/wp-json\/wp\/v2\/pages\/3\/revisions\/1063"}],"wp:attachment":[{"href":"https:\/\/lepitchoun-traiteur.fr\/index.php\/wp-json\/wp\/v2\/media?parent=3"}],"curies":[{"name":"wp","href":"https:\/\/api.w.org\/{rel}","templated":true}]}}